{"id":823,"date":"2019-07-01T07:40:28","date_gmt":"2019-07-01T07:40:28","guid":{"rendered":"https:\/\/drtamirufrancisco.com\/contact-02\/"},"modified":"2023-05-27T20:11:17","modified_gmt":"2023-05-27T20:11:17","slug":"contacto","status":"publish","type":"page","link":"https:\/\/drtamirufrancisco.com\/en\/contacto\/","title":{"rendered":"Contacto"},"content":{"rendered":"<div id=\"tm-row-69e7b70e4923a\" data-vc-full-width=\"true\" data-vc-full-width-init=\"false\" class=\"vc_row vc_row-outer vc_row-fluid\"><div id=\"tm-column-69e7b70e49943\" class=\"wpb_column vc_column_container vc_col-sm-12 vc_col-lg-7 vc_col-md-8\"><div class=\"vc_column-inner\"><div class=\"wpb_wrapper\">\n<div class=\"tm-heading  left tm-animation move-up\" id=\"tm-heading-69e7b70e49c4d\">\n\t<h3 class=\"heading\" >\u00a1Ven a conocernos!<\/h3><\/div>\n\n<div class=\"tm-spacer\" id=\"tm-spacer-69e7b70e49ee3\"><\/div>\n\n<div class=\"tm-heading  left tm-animation move-up\" id=\"tm-heading-69e7b70e49fa6\">\n\t<div class=\"heading\" >Solicita tu cita, te la confirmaremos en un m\u00e1ximo de 24h laborables. \u00a1Te esperamos!<\/div><\/div>\n\n<div class=\"tm-spacer\" id=\"tm-spacer-69e7b70e4a1ad\"><\/div>\n<div class=\"tm-contact-form-7  style-01 gutter-30 tm-animation move-up\" id=\"tm-blog-69e7b70e4a268\">\n\t\n<div class=\"wpcf7 no-js\" id=\"wpcf7-f398-o1\" lang=\"en-US\" dir=\"ltr\" data-wpcf7-id=\"398\">\n<div class=\"screen-reader-response\"><p role=\"status\" aria-live=\"polite\" aria-atomic=\"true\"><\/p> <ul><\/ul><\/div>\n<form action=\"\/en\/wp-json\/wp\/v2\/pages\/823#wpcf7-f398-o1\" method=\"post\" class=\"wpcf7-form init\" aria-label=\"Contact form\" novalidate=\"novalidate\" data-status=\"init\" data-trp-original-action=\"\/en\/wp-json\/wp\/v2\/pages\/823#wpcf7-f398-o1\">\n<fieldset class=\"hidden-fields-container\"><input type=\"hidden\" name=\"_wpcf7\" value=\"398\" \/><input type=\"hidden\" name=\"_wpcf7_version\" value=\"6.1.5\" \/><input type=\"hidden\" name=\"_wpcf7_locale\" value=\"en_US\" \/><input type=\"hidden\" name=\"_wpcf7_unit_tag\" value=\"wpcf7-f398-o1\" \/><input type=\"hidden\" name=\"_wpcf7_container_post\" value=\"0\" \/><input type=\"hidden\" name=\"_wpcf7_posted_data_hash\" value=\"\" \/><input type=\"hidden\" name=\"_wpcf7_recaptcha_response\" value=\"\" \/>\n<\/fieldset>\n<div class=\"row\">\n\t<div class=\"col-md-6\">\n\t\t<p><label>Nombre y apellidos<\/label><br \/>\n<span class=\"wpcf7-form-control-wrap\" data-name=\"your-name\"><input size=\"40\" maxlength=\"400\" class=\"wpcf7-form-control wpcf7-text wpcf7-validates-as-required\" aria-required=\"true\" aria-invalid=\"false\" placeholder=\"ex., Antonio Rodr\u00edguez\" value=\"\" type=\"text\" name=\"your-name\" \/><\/span>\n\t\t<\/p>\n\t<\/div>\n\t<div class=\"col-md-6\">\n\t\t<p><label>Tel\u00e9fono<\/label><br \/>\n<span class=\"wpcf7-form-control-wrap\" data-name=\"yout-phone\"><input size=\"40\" maxlength=\"400\" class=\"wpcf7-form-control wpcf7-tel wpcf7-validates-as-required wpcf7-text wpcf7-validates-as-tel\" aria-required=\"true\" aria-invalid=\"false\" value=\"\" type=\"tel\" name=\"yout-phone\" \/><\/span>\n\t\t<\/p>\n\t<\/div>\n\t<div class=\"col-md-6\">\n\t\t<p><label>Tratamiento de inter\u00e9s<\/label><br \/>\n<span class=\"wpcf7-form-control-wrap\" data-name=\"your-service-requested\"><input size=\"40\" maxlength=\"400\" class=\"wpcf7-form-control wpcf7-text wpcf7-validates-as-required\" aria-required=\"true\" aria-invalid=\"false\" value=\"\" type=\"text\" name=\"your-service-requested\" \/><\/span>\n\t\t<\/p>\n\t<\/div>\n\t<div class=\"col-md-6\">\n\t\t<p><label>\u00bfCu\u00e1ndo te gustar\u00eda tu cita?<\/label><br \/>\n<span class=\"wpcf7-form-control-wrap\" data-name=\"time-request\"><input size=\"40\" maxlength=\"400\" class=\"wpcf7-form-control wpcf7-text tm-timefield\" aria-invalid=\"false\" value=\"\" type=\"text\" name=\"time-request\" \/><\/span>\n\t\t<\/p>\n\t<\/div>\n\t<div class=\"col-md-12\" style=\"margin-top: 10px;\">\n\t\t<p><input class=\"wpcf7-form-control wpcf7-submit has-spinner\" type=\"submit\" value=\"Solicita cita\" \/>\n\t\t<\/p>\n\t<\/div>\n<\/div><div class=\"wpcf7-response-output\" aria-hidden=\"true\"><\/div>\n<input type=\"hidden\" name=\"trp-form-language\" value=\"en\"\/><\/form>\n<\/div>\n<\/div>\n<div class=\"tm-spacer\" id=\"tm-spacer-69e7b70e4ca9f\"><\/div>\n\n\t<div class=\"wpb_raw_code wpb_content_element wpb_raw_html\" >\n\t\t<div class=\"wpb_wrapper\">\n\t\t\t<iframe src=\"https:\/\/www.google.com\/maps\/embed?pb=!1m18!1m12!1m3!1d3035.7864501060953!2d-3.69365262456064!3d40.45786325313572!2m3!1f0!2f0!3f0!3m2!1i1024!2i768!4f13.1!3m3!1m2!1s0xd42291cf2d5f42d%3A0xeba0a0f4586cfd5d!2sP.%C2%BA%20de%20la%20Castellana%2C%20121%2C%2028046%20Madrid!5e0!3m2!1ses!2ses!4v1683629872429!5m2!1ses!2ses\" width=\"800\" height=\"195\" style=\"border:0;\" allowfullscreen=\"\" loading=\"lazy\" referrerpolicy=\"no-referrer-when-downgrade\"><\/iframe>\n\t\t<\/div>\n\t<\/div>\n<\/div><\/div><\/div><div id=\"tm-column-69e7b70e4ce1d\" class=\"wpb_column vc_column_container vc_col-sm-12 vc_col-lg-offset-1 vc_col-lg-4 vc_col-md-4\"><div class=\"vc_column-inner\"><div class=\"wpb_wrapper\"><div id=\"tm-row-inner-69e7b70e4d1a9\" class=\"vc_row vc_inner vc_row-fluid\"><div id=\"tm-column-inner-69e7b70e4d4c5\" class=\"wpb_column vc_column_container vc_col-sm-12\"><div class=\"vc_column-inner\"><div class=\"wpb_wrapper\"><div class=\"tm-spacer\" id=\"tm-spacer-69e7b70e4d647\"><\/div>\n<div class=\"tm-box-icon  style-12 tm-animation move-up\" id=\"tm-box-icon-69e7b70e4d781\">\n\t\t<div class=\"content-wrap\">\n\n\t\n\t\t\t\t\t\t\t\t<div class=\"icon\">\n\t\t\t\t\t\t<span class=\"fal fa-map\"><\/span>\n\t\t\t\t\t<\/div>\n\t\t\t\t\t\t\n\t<div class=\"content\">\n\t\t<div class=\"box-header\">\n\t\t\t\t\t\t\t<h4 class=\"heading\">\n\t\t\t\t\t\n\t\t\t\t\t\tPaseo de la Castellana 121, 28046 Madrid.\n\t\t\t\t\t\t\n\t\t\t\t<\/h4>\n\t\t\t\t\t<\/div>\n\n\t\t\t\t\t<div class=\"text\">Madrid, Espa\u00f1a.<\/div>\t\t\n\t\t\t<\/div>\n<\/div>\n<\/div>\n<div class=\"tm-box-icon  style-12 tm-animation move-up\" id=\"tm-box-icon-69e7b70e4dd16\">\n\t\t<div class=\"content-wrap\">\n\n\t\n\t\t\t\t\t\t\t\t<div class=\"icon\">\n\t\t\t\t\t\t<span class=\"fal fa-map\"><\/span>\n\t\t\t\t\t<\/div>\n\t\t\t\t\t\t\n\t<div class=\"content\">\n\t\t<div class=\"box-header\">\n\t\t\t\t\t\t\t<h4 class=\"heading\">\n\t\t\t\t\t\t\t\t\t\t<a class=\"link-secret\" href=\"tel:697215570\"\n\t\t\t\t\t\t\t\t\t\t\t>\n\t\t\t\t\t\t\n\t\t\t\t\t\t697 21 55 70\n\t\t\t\t\t\t\t\t\t\t\t<\/a>\n\t\t\t\t\n\t\t\t\t<\/h4>\n\t\t\t\t\t<\/div>\n\n\t\t\t\t\t<div class=\"text\">Ll\u00e1manos<\/div>\t\t\n\t\t\t<\/div>\n<\/div>\n<\/div>\n<div class=\"tm-box-icon  style-12 tm-animation move-up\" id=\"tm-box-icon-69e7b70e4e1dd\">\n\t\t<div class=\"content-wrap\">\n\n\t\n\t\t\t\t\t\t\t\t<div class=\"icon\">\n\t\t\t\t\t\t<span class=\"fal fa-envelope\"><\/span>\n\t\t\t\t\t<\/div>\n\t\t\t\t\t\t\n\t<div class=\"content\">\n\t\t<div class=\"box-header\">\n\t\t\t\t\t\t\t<h4 class=\"heading\">\n\t\t\t\t\t\t\t\t\t\t<a class=\"link-secret\" href=\"mailto:info@quintanadental.es\"\n\t\t\t\t\t\t\t\t\t\t\t>\n\t\t\t\t\t\t\n\t\t\t\t\t\tinfo@drtamirufrancisco.com\n\t\t\t\t\t\t\t\t\t\t\t<\/a>\n\t\t\t\t\n\t\t\t\t<\/h4>\n\t\t\t\t\t<\/div>\n\n\t\t\t\t\t<div class=\"text\">M\u00e1ndanos un e-mail<\/div>\t\t\n\t\t\t<\/div>\n<\/div>\n<\/div>\n<div class=\"tm-box-icon  style-12 tm-animation move-up\" id=\"tm-box-icon-69e7b70e4e6b6\">\n\t\t<div class=\"content-wrap\">\n\n\t\n\t\t\t\t\t\t\t\t<div class=\"icon\">\n\t\t\t\t\t\t<span class=\"fal fa-clock\"><\/span>\n\t\t\t\t\t<\/div>\n\t\t\t\t\t\t\n\t<div class=\"content\">\n\t\t<div class=\"box-header\">\n\t\t\t\t\t\t\t<h4 class=\"heading\">\n\t\t\t\t\t\n\t\t\t\t\t\tHorario de lunes a viernes de 8:30h a 21:00h\n\t\t\t\t\t\t\n\t\t\t\t<\/h4>\n\t\t\t\t\t<\/div>\n\n\t\t\t\t\t<div class=\"text\">Estamos disponibles<\/div>\t\t\n\t\t\t<\/div>\n<\/div>\n<\/div>\n<div class=\"tm-spacer\" id=\"tm-spacer-69e7b70e4eb16\"><\/div>\n<\/div><\/div><\/div><\/div><div class=\"tm-spacer\" id=\"tm-spacer-69e7b70e4eb7f\"><\/div>\n<\/div><\/div><\/div><\/div><div class=\"vc_row-full-width vc_clearfix\"><\/div>","protected":false},"excerpt":{"rendered":"\u00a1Ven a conocernos! Solicita tu cita, te la confirmaremos en un m\u00e1ximo de 24h laborables. \u00a1Te esperamos! Nombre y apellidos Tel\u00e9fono Tratamiento de inter\u00e9s \u00bfCu\u00e1ndo te gustar\u00eda tu cita? Paseo de la Castellana 121, 28046 Madrid. Madrid, Espa\u00f1a. 697 21 55 70 Ll\u00e1manos info@drtamirufrancisco.com M\u00e1ndanos un e-mail Horario de lunes a viernes de 8:30h a 21:00h Estamos disponibles","protected":false},"author":1,"featured_media":0,"parent":0,"menu_order":0,"comment_status":"closed","ping_status":"closed","template":"","meta":{"footnotes":""},"class_list":["post-823","page","type-page","status-publish","hentry"],"_links":{"self":[{"href":"https:\/\/drtamirufrancisco.com\/en\/wp-json\/wp\/v2\/pages\/823","targetHints":{"allow":["GET"]}}],"collection":[{"href":"https:\/\/drtamirufrancisco.com\/en\/wp-json\/wp\/v2\/pages"}],"about":[{"href":"https:\/\/drtamirufrancisco.com\/en\/wp-json\/wp\/v2\/types\/page"}],"author":[{"embeddable":true,"href":"https:\/\/drtamirufrancisco.com\/en\/wp-json\/wp\/v2\/users\/1"}],"replies":[{"embeddable":true,"href":"https:\/\/drtamirufrancisco.com\/en\/wp-json\/wp\/v2\/comments?post=823"}],"version-history":[{"count":13,"href":"https:\/\/drtamirufrancisco.com\/en\/wp-json\/wp\/v2\/pages\/823\/revisions"}],"predecessor-version":[{"id":3352,"href":"https:\/\/drtamirufrancisco.com\/en\/wp-json\/wp\/v2\/pages\/823\/revisions\/3352"}],"wp:attachment":[{"href":"https:\/\/drtamirufrancisco.com\/en\/wp-json\/wp\/v2\/media?parent=823"}],"curies":[{"name":"wp","href":"https:\/\/api.w.org\/{rel}","templated":true}]}}