{"id":318,"date":"2019-06-13T02:33:00","date_gmt":"2019-06-13T02:33:00","guid":{"rendered":"https:\/\/drtamirufrancisco.com\/blog-grid-03\/"},"modified":"2022-05-18T11:58:18","modified_gmt":"2022-05-18T11:58:18","slug":"blog","status":"publish","type":"page","link":"https:\/\/drtamirufrancisco.com\/en\/blog\/","title":{"rendered":"Blog"},"content":{"rendered":"<div id=\"tm-row-69e1a6d9cb586\" class=\"vc_row vc_row-outer vc_row-fluid\"><div id=\"tm-column-69e1a6d9cbc09\" class=\"wpb_column vc_column_container vc_col-sm-12\"><div class=\"vc_column-inner\"><div class=\"wpb_wrapper\">\n\t<div class=\"tm-grid-wrapper tm-blog  style-grid_classic_03 style-03\" id=\"tm-blog-69e1a6d9cbf02\"\n\t\t\t\t\tdata-pagination=\"pagination\"\n\t\t\n\t\t\n\t\t data-filter-type=\"static\"\n\t>\n\t\t\n\t\t\n\t\t<input type=\"hidden\" class=\"tm-grid-query\" value=\"{&quot;post_type&quot;:&quot;post&quot;,&quot;posts_per_page&quot;:&quot;9&quot;,&quot;orderby&quot;:&quot;date&quot;,&quot;order&quot;:&quot;DESC&quot;,&quot;paged&quot;:1,&quot;post_status&quot;:&quot;publish&quot;,&quot;post__not_in&quot;:[],&quot;action&quot;:&quot;post_infinite_load&quot;,&quot;max_num_pages&quot;:3,&quot;found_posts&quot;:27,&quot;taxonomies&quot;:&quot;&quot;,&quot;style&quot;:&quot;grid_classic_03&quot;,&quot;pagination&quot;:&quot;pagination&quot;,&quot;count&quot;:9,&quot;metro_layout&quot;:&quot;%5B%7B%22size%22%3A%222%3A2%22%7D%2C%7B%22size%22%3A%221%3A1%22%7D%2C%7B%22size%22%3A%221%3A1%22%7D%2C%7B%22size%22%3A%222%3A2%22%7D%2C%7B%22size%22%3A%221%3A1%22%7D%2C%7B%22size%22%3A%221%3A1%22%7D%5D&quot;}\"\/>\n\n\t\t\n\t\t\t\t<div class=\"tm-grid modern-grid has-animation move-up\"\n\t\t\t\t\t\t\t\t\t>\n\t\t\t\t\t\t<div class=\"post-item grid-item post-3563 post type-post status-publish format-standard has-post-thumbnail hentry category-dr-tamiru-francisco-madrid category-estetica-dental category-ortodoncia-invisible tag-alineadores-transparentes tag-cuidado-bucodental tag-ortodoncia-invisible tag-tecnologia-invisalign tag-tratamiento-dental\">\n\t\t<div class=\"post-item-wrap\">\n\t\t\t<div class=\"post-feature-wrap\">\n\t\t\t\t\t\t\t\t\t<div class=\"post-feature post-thumbnail\">\n\t\t\t\t\t\t<a href=\"https:\/\/drtamirufrancisco.com\/en\/2024\/03\/25\/tecnologia-invisalign\/\">\n\t\t\t\t\t\t\t<img decoding=\"async\" src=\"https:\/\/drtamirufrancisco.com\/wp-content\/uploads\/2024\/03\/20240322_074616-scaled.jpg\" alt=\"Tecnolog\u00eda Invisalign en el tratamiento de transformaci\u00f3n de tu sonrisa\" \/>\t\t\t\t\t\t<\/a>\n\t\t\t\t\t<\/div>\n\t\t\t\t\t\t\t<\/div>\n\n\t\t\t<div class=\"post-info\">\n\t\t\t\t<div class=\"post-date\">\n\t\t\t\t\tMar 25, 2024\t\t\t\t<\/div>\n\n\t\t\t\t<h3 class=\"post-title\">\n\t<a href=\"https:\/\/drtamirufrancisco.com\/en\/2024\/03\/25\/tecnologia-invisalign\/\">Tecnolog\u00eda Invisalign en el tratamiento de transformaci\u00f3n de tu sonrisa<\/a>\n<\/h3>\n\n\t\t\t\t<div class=\"post-excerpt\">\n\t\t\t\t\t<p>La ortodoncia ha evolucionado significativamente en los \u00faltimos a\u00f1os, y una de las innovaciones m\u00e1s &hellip;<\/p>\t\t\t\t<\/div>\n\n\t\t\t\t<div class=\"post-read-more\">\n\t<a href=\"https:\/\/drtamirufrancisco.com\/en\/2024\/03\/25\/tecnologia-invisalign\/\">\n\t\t<span class=\"btn-text heading-font\" data-hover=\"Read More\">\n\t\t\tRead More\t\t<\/span>\n\t\t<i class=\"far fa-long-arrow-alt-right\"><\/i>\n\t<\/a>\n<\/div>\n\t\t\t<\/div>\n\t\t<\/div>\n\n\t<\/div>\n\t<div class=\"post-item grid-item post-3560 post type-post status-publish format-standard has-post-thumbnail hentry category-consejos category-dr-tamiru-francisco-madrid category-salud-bucal tag-alergias-estacionales tag-alergias-y-dientes tag-encias-inflamadas tag-higiene-oral tag-primavera tag-salud-bucodental\">\n\t\t<div class=\"post-item-wrap\">\n\t\t\t<div class=\"post-feature-wrap\">\n\t\t\t\t\t\t\t\t\t<div class=\"post-feature post-thumbnail\">\n\t\t\t\t\t\t<a href=\"https:\/\/drtamirufrancisco.com\/en\/2024\/03\/21\/alergias-estacionales-y-la-salud-bucodental\/\">\n\t\t\t\t\t\t\t<img decoding=\"async\" src=\"https:\/\/drtamirufrancisco.com\/wp-content\/uploads\/2024\/03\/iStock-1470058230.jpg\" alt=\"Relaci\u00f3n entre las alergias estacionales y la salud bucodental\u00a0\" \/>\t\t\t\t\t\t<\/a>\n\t\t\t\t\t<\/div>\n\t\t\t\t\t\t\t<\/div>\n\n\t\t\t<div class=\"post-info\">\n\t\t\t\t<div class=\"post-date\">\n\t\t\t\t\tMar 21, 2024\t\t\t\t<\/div>\n\n\t\t\t\t<h3 class=\"post-title\">\n\t<a href=\"https:\/\/drtamirufrancisco.com\/en\/2024\/03\/21\/alergias-estacionales-y-la-salud-bucodental\/\">Relaci\u00f3n entre las alergias estacionales y la salud bucodental\u00a0<\/a>\n<\/h3>\n\n\t\t\t\t<div class=\"post-excerpt\">\n\t\t\t\t\t<p>La primavera es una estaci\u00f3n llena de vida y color, pero para muchas personas tambi\u00e9n &hellip;<\/p>\t\t\t\t<\/div>\n\n\t\t\t\t<div class=\"post-read-more\">\n\t<a href=\"https:\/\/drtamirufrancisco.com\/en\/2024\/03\/21\/alergias-estacionales-y-la-salud-bucodental\/\">\n\t\t<span class=\"btn-text heading-font\" data-hover=\"Read More\">\n\t\t\tRead More\t\t<\/span>\n\t\t<i class=\"far fa-long-arrow-alt-right\"><\/i>\n\t<\/a>\n<\/div>\n\t\t\t<\/div>\n\t\t<\/div>\n\n\t<\/div>\n\t<div class=\"post-item grid-item post-3557 post type-post status-publish format-standard has-post-thumbnail hentry category-consejos category-dr-tamiru-francisco-madrid category-salud-bucal\">\n\t\t<div class=\"post-item-wrap\">\n\t\t\t<div class=\"post-feature-wrap\">\n\t\t\t\t\t\t\t\t\t<div class=\"post-feature post-thumbnail\">\n\t\t\t\t\t\t<a href=\"https:\/\/drtamirufrancisco.com\/en\/2024\/03\/18\/extraccion-de-las-muelas-juicio\/\">\n\t\t\t\t\t\t\t<img decoding=\"async\" src=\"https:\/\/drtamirufrancisco.com\/wp-content\/uploads\/2024\/03\/iStock-507902571-scaled.jpg\" alt=\"\u00bfCu\u00e1ndo es necesaria la extracci\u00f3n de las muelas de juicio?\u00a0\" \/>\t\t\t\t\t\t<\/a>\n\t\t\t\t\t<\/div>\n\t\t\t\t\t\t\t<\/div>\n\n\t\t\t<div class=\"post-info\">\n\t\t\t\t<div class=\"post-date\">\n\t\t\t\t\tMar 18, 2024\t\t\t\t<\/div>\n\n\t\t\t\t<h3 class=\"post-title\">\n\t<a href=\"https:\/\/drtamirufrancisco.com\/en\/2024\/03\/18\/extraccion-de-las-muelas-juicio\/\">\u00bfCu\u00e1ndo es necesaria la extracci\u00f3n de las muelas de juicio?\u00a0<\/a>\n<\/h3>\n\n\t\t\t\t<div class=\"post-excerpt\">\n\t\t\t\t\t<p>Las muelas del juicio, tambi\u00e9n conocidas como terceros molares, son una parte com\u00fan de la &hellip;<\/p>\t\t\t\t<\/div>\n\n\t\t\t\t<div class=\"post-read-more\">\n\t<a href=\"https:\/\/drtamirufrancisco.com\/en\/2024\/03\/18\/extraccion-de-las-muelas-juicio\/\">\n\t\t<span class=\"btn-text heading-font\" data-hover=\"Read More\">\n\t\t\tRead More\t\t<\/span>\n\t\t<i class=\"far fa-long-arrow-alt-right\"><\/i>\n\t<\/a>\n<\/div>\n\t\t\t<\/div>\n\t\t<\/div>\n\n\t<\/div>\n\t<div class=\"post-item grid-item post-3554 post type-post status-publish format-standard has-post-thumbnail hentry category-consejos category-dr-tamiru-francisco-madrid category-salud-bucal\">\n\t\t<div class=\"post-item-wrap\">\n\t\t\t<div class=\"post-feature-wrap\">\n\t\t\t\t\t\t\t\t\t<div class=\"post-feature post-thumbnail\">\n\t\t\t\t\t\t<a href=\"https:\/\/drtamirufrancisco.com\/en\/2024\/02\/28\/funciones-beneficiosas-de-la-saliva-para-la-salud-oral\/\">\n\t\t\t\t\t\t\t<img decoding=\"async\" src=\"https:\/\/drtamirufrancisco.com\/wp-content\/uploads\/2024\/03\/iStock-1461577518.jpg\" alt=\"Funciones beneficiosas de la saliva para la salud oral\u00a0\" \/>\t\t\t\t\t\t<\/a>\n\t\t\t\t\t<\/div>\n\t\t\t\t\t\t\t<\/div>\n\n\t\t\t<div class=\"post-info\">\n\t\t\t\t<div class=\"post-date\">\n\t\t\t\t\tFeb 28, 2024\t\t\t\t<\/div>\n\n\t\t\t\t<h3 class=\"post-title\">\n\t<a href=\"https:\/\/drtamirufrancisco.com\/en\/2024\/02\/28\/funciones-beneficiosas-de-la-saliva-para-la-salud-oral\/\">Funciones beneficiosas de la saliva para la salud oral\u00a0<\/a>\n<\/h3>\n\n\t\t\t\t<div class=\"post-excerpt\">\n\t\t\t\t\t<p>a salud oral es fundamental para el bienestar general y uno de los elementos claves &hellip;<\/p>\t\t\t\t<\/div>\n\n\t\t\t\t<div class=\"post-read-more\">\n\t<a href=\"https:\/\/drtamirufrancisco.com\/en\/2024\/02\/28\/funciones-beneficiosas-de-la-saliva-para-la-salud-oral\/\">\n\t\t<span class=\"btn-text heading-font\" data-hover=\"Read More\">\n\t\t\tRead More\t\t<\/span>\n\t\t<i class=\"far fa-long-arrow-alt-right\"><\/i>\n\t<\/a>\n<\/div>\n\t\t\t<\/div>\n\t\t<\/div>\n\n\t<\/div>\n\t<div class=\"post-item grid-item post-3551 post type-post status-publish format-standard has-post-thumbnail hentry category-dr-tamiru-francisco-madrid tag-recesion-gingival\">\n\t\t<div class=\"post-item-wrap\">\n\t\t\t<div class=\"post-feature-wrap\">\n\t\t\t\t\t\t\t\t\t<div class=\"post-feature post-thumbnail\">\n\t\t\t\t\t\t<a href=\"https:\/\/drtamirufrancisco.com\/en\/2024\/02\/26\/onsejos-esenciales-para-la-prevencion-de-la-recesion-gingival\/\">\n\t\t\t\t\t\t\t<img decoding=\"async\" src=\"https:\/\/drtamirufrancisco.com\/wp-content\/uploads\/2024\/03\/iStock-1205361135.jpg\" alt=\"Consejos esenciales para la prevenci\u00f3n de la recesi\u00f3n gingival\u00a0\" \/>\t\t\t\t\t\t<\/a>\n\t\t\t\t\t<\/div>\n\t\t\t\t\t\t\t<\/div>\n\n\t\t\t<div class=\"post-info\">\n\t\t\t\t<div class=\"post-date\">\n\t\t\t\t\tFeb 26, 2024\t\t\t\t<\/div>\n\n\t\t\t\t<h3 class=\"post-title\">\n\t<a href=\"https:\/\/drtamirufrancisco.com\/en\/2024\/02\/26\/onsejos-esenciales-para-la-prevencion-de-la-recesion-gingival\/\">Consejos esenciales para la prevenci\u00f3n de la recesi\u00f3n gingival\u00a0<\/a>\n<\/h3>\n\n\t\t\t\t<div class=\"post-excerpt\">\n\t\t\t\t\t<p>En el mundo de la Odontolog\u00eda, la recesi\u00f3n gingival es un tema importante que merece &hellip;<\/p>\t\t\t\t<\/div>\n\n\t\t\t\t<div class=\"post-read-more\">\n\t<a href=\"https:\/\/drtamirufrancisco.com\/en\/2024\/02\/26\/onsejos-esenciales-para-la-prevencion-de-la-recesion-gingival\/\">\n\t\t<span class=\"btn-text heading-font\" data-hover=\"Read More\">\n\t\t\tRead More\t\t<\/span>\n\t\t<i class=\"far fa-long-arrow-alt-right\"><\/i>\n\t<\/a>\n<\/div>\n\t\t\t<\/div>\n\t\t<\/div>\n\n\t<\/div>\n\t<div class=\"post-item grid-item post-3548 post type-post status-publish format-standard has-post-thumbnail hentry category-consejos category-dr-tamiru-francisco-madrid category-salud-bucal tag-alimentos-beneficiosos tag-calcio-para-los-dientes tag-salud-bucodental tag-sonrisa-saludable\">\n\t\t<div class=\"post-item-wrap\">\n\t\t\t<div class=\"post-feature-wrap\">\n\t\t\t\t\t\t\t\t\t<div class=\"post-feature post-thumbnail\">\n\t\t\t\t\t\t<a href=\"https:\/\/drtamirufrancisco.com\/en\/2024\/02\/20\/alimentos-beneficiosos-para-la-salud-bucodental\/\">\n\t\t\t\t\t\t\t<img decoding=\"async\" src=\"https:\/\/drtamirufrancisco.com\/wp-content\/uploads\/2024\/03\/iStock-909574006.jpg\" alt=\"\u00a0\u00bfCu\u00e1les son los alimentos beneficiosos para la salud bucodental?\u00a0\" \/>\t\t\t\t\t\t<\/a>\n\t\t\t\t\t<\/div>\n\t\t\t\t\t\t\t<\/div>\n\n\t\t\t<div class=\"post-info\">\n\t\t\t\t<div class=\"post-date\">\n\t\t\t\t\tFeb 20, 2024\t\t\t\t<\/div>\n\n\t\t\t\t<h3 class=\"post-title\">\n\t<a href=\"https:\/\/drtamirufrancisco.com\/en\/2024\/02\/20\/alimentos-beneficiosos-para-la-salud-bucodental\/\">\u00a0\u00bfCu\u00e1les son los alimentos beneficiosos para la salud bucodental?\u00a0<\/a>\n<\/h3>\n\n\t\t\t\t<div class=\"post-excerpt\">\n\t\t\t\t\t<p>La salud bucodental es crucial para nuestro bienestar general. Adem\u00e1s de la higiene oral adecuada &hellip;<\/p>\t\t\t\t<\/div>\n\n\t\t\t\t<div class=\"post-read-more\">\n\t<a href=\"https:\/\/drtamirufrancisco.com\/en\/2024\/02\/20\/alimentos-beneficiosos-para-la-salud-bucodental\/\">\n\t\t<span class=\"btn-text heading-font\" data-hover=\"Read More\">\n\t\t\tRead More\t\t<\/span>\n\t\t<i class=\"far fa-long-arrow-alt-right\"><\/i>\n\t<\/a>\n<\/div>\n\t\t\t<\/div>\n\t\t<\/div>\n\n\t<\/div>\n\t<div class=\"post-item grid-item post-3545 post type-post status-publish format-standard has-post-thumbnail hentry category-dr-tamiru-francisco-madrid tag-cuidado-dental tag-higiene-oral tag-mitos tag-salud-bucodental\">\n\t\t<div class=\"post-item-wrap\">\n\t\t\t<div class=\"post-feature-wrap\">\n\t\t\t\t\t\t\t\t\t<div class=\"post-feature post-thumbnail\">\n\t\t\t\t\t\t<a href=\"https:\/\/drtamirufrancisco.com\/en\/2024\/01\/30\/mitos-falsos-relacionados-con-la-salud-bucodental\/\">\n\t\t\t\t\t\t\t<img decoding=\"async\" src=\"https:\/\/drtamirufrancisco.com\/wp-content\/uploads\/2024\/03\/iStock-925898340.jpg\" alt=\"5 mitos falsos relacionados con la salud bucodental\u00a0\" \/>\t\t\t\t\t\t<\/a>\n\t\t\t\t\t<\/div>\n\t\t\t\t\t\t\t<\/div>\n\n\t\t\t<div class=\"post-info\">\n\t\t\t\t<div class=\"post-date\">\n\t\t\t\t\tJan 30, 2024\t\t\t\t<\/div>\n\n\t\t\t\t<h3 class=\"post-title\">\n\t<a href=\"https:\/\/drtamirufrancisco.com\/en\/2024\/01\/30\/mitos-falsos-relacionados-con-la-salud-bucodental\/\">5 mitos falsos relacionados con la salud bucodental\u00a0<\/a>\n<\/h3>\n\n\t\t\t\t<div class=\"post-excerpt\">\n\t\t\t\t\t<p>La salud bucodental es una parte integral de nuestro bienestar general, pero desafortunadamente, est\u00e1 plagada &hellip;<\/p>\t\t\t\t<\/div>\n\n\t\t\t\t<div class=\"post-read-more\">\n\t<a href=\"https:\/\/drtamirufrancisco.com\/en\/2024\/01\/30\/mitos-falsos-relacionados-con-la-salud-bucodental\/\">\n\t\t<span class=\"btn-text heading-font\" data-hover=\"Read More\">\n\t\t\tRead More\t\t<\/span>\n\t\t<i class=\"far fa-long-arrow-alt-right\"><\/i>\n\t<\/a>\n<\/div>\n\t\t\t<\/div>\n\t\t<\/div>\n\n\t<\/div>\n\t<div class=\"post-item grid-item post-3542 post type-post status-publish format-standard has-post-thumbnail hentry category-dr-tamiru-francisco-madrid category-estetica-dental category-ortodoncia-invisible tag-invisalign tag-ortodoncia-invisible tag-tratamiento-ortodontico tag-ventajas-de-invisalign\">\n\t\t<div class=\"post-item-wrap\">\n\t\t\t<div class=\"post-feature-wrap\">\n\t\t\t\t\t\t\t\t\t<div class=\"post-feature post-thumbnail\">\n\t\t\t\t\t\t<a href=\"https:\/\/drtamirufrancisco.com\/en\/2024\/01\/24\/ventajas-de-invisalign\/\">\n\t\t\t\t\t\t\t<img decoding=\"async\" src=\"https:\/\/drtamirufrancisco.com\/wp-content\/uploads\/2024\/03\/iStock-1308277226-scaled.jpg\" alt=\"Ventajas de Invisalign frente a otro tipo de ortodoncia\u00a0\" \/>\t\t\t\t\t\t<\/a>\n\t\t\t\t\t<\/div>\n\t\t\t\t\t\t\t<\/div>\n\n\t\t\t<div class=\"post-info\">\n\t\t\t\t<div class=\"post-date\">\n\t\t\t\t\tJan 24, 2024\t\t\t\t<\/div>\n\n\t\t\t\t<h3 class=\"post-title\">\n\t<a href=\"https:\/\/drtamirufrancisco.com\/en\/2024\/01\/24\/ventajas-de-invisalign\/\">Ventajas de Invisalign frente a otro tipo de ortodoncia\u00a0<\/a>\n<\/h3>\n\n\t\t\t\t<div class=\"post-excerpt\">\n\t\t\t\t\t<p>En la b\u00fasqueda de una sonrisa perfecta y una salud bucodental \u00f3ptima, es crucial elegir &hellip;<\/p>\t\t\t\t<\/div>\n\n\t\t\t\t<div class=\"post-read-more\">\n\t<a href=\"https:\/\/drtamirufrancisco.com\/en\/2024\/01\/24\/ventajas-de-invisalign\/\">\n\t\t<span class=\"btn-text heading-font\" data-hover=\"Read More\">\n\t\t\tRead More\t\t<\/span>\n\t\t<i class=\"far fa-long-arrow-alt-right\"><\/i>\n\t<\/a>\n<\/div>\n\t\t\t<\/div>\n\t\t<\/div>\n\n\t<\/div>\n\t<div class=\"post-item grid-item post-3539 post type-post status-publish format-standard has-post-thumbnail hentry category-dr-tamiru-francisco-madrid category-salud-bucal tag-cepillado-dental tag-cuidado-dental tag-enjuague-bucal tag-higiene-bucodental tag-hilo-dental tag-salud-dental\">\n\t\t<div class=\"post-item-wrap\">\n\t\t\t<div class=\"post-feature-wrap\">\n\t\t\t\t\t\t\t\t\t<div class=\"post-feature post-thumbnail\">\n\t\t\t\t\t\t<a href=\"https:\/\/drtamirufrancisco.com\/en\/2024\/01\/22\/elementos-claves-para-una-rutina-de-higiene-bucodental\/\">\n\t\t\t\t\t\t\t<img decoding=\"async\" src=\"https:\/\/drtamirufrancisco.com\/wp-content\/uploads\/2024\/03\/iStock-1362903350-scaled.jpg\" alt=\"Elementos claves para una rutina de higiene bucodental perfecta\u00a0\" \/>\t\t\t\t\t\t<\/a>\n\t\t\t\t\t<\/div>\n\t\t\t\t\t\t\t<\/div>\n\n\t\t\t<div class=\"post-info\">\n\t\t\t\t<div class=\"post-date\">\n\t\t\t\t\tJan 22, 2024\t\t\t\t<\/div>\n\n\t\t\t\t<h3 class=\"post-title\">\n\t<a href=\"https:\/\/drtamirufrancisco.com\/en\/2024\/01\/22\/elementos-claves-para-una-rutina-de-higiene-bucodental\/\">Elementos claves para una rutina de higiene bucodental perfecta\u00a0<\/a>\n<\/h3>\n\n\t\t\t\t<div class=\"post-excerpt\">\n\t\t\t\t\t<p>Una sonrisa radiante no solo es un s\u00edmbolo de belleza, sino tambi\u00e9n un reflejo de &hellip;<\/p>\t\t\t\t<\/div>\n\n\t\t\t\t<div class=\"post-read-more\">\n\t<a href=\"https:\/\/drtamirufrancisco.com\/en\/2024\/01\/22\/elementos-claves-para-una-rutina-de-higiene-bucodental\/\">\n\t\t<span class=\"btn-text heading-font\" data-hover=\"Read More\">\n\t\t\tRead More\t\t<\/span>\n\t\t<i class=\"far fa-long-arrow-alt-right\"><\/i>\n\t<\/a>\n<\/div>\n\t\t\t<\/div>\n\t\t<\/div>\n\n\t<\/div>\n\t\t\t\t<\/div>\n\n\t\t\t\t\n\t\t\t\t\t<div class=\"tm-grid-pagination\">\n\t\t\t\t\t\t\t\t\t<div class=\"inner\" style=\"text-align:left\">\n\t\t\t\t\t\t<ul class=\"page-pagination\"><li><span aria-current=\"page\" class=\"page-numbers current\">1<\/span><\/li><li><a class=\"page-numbers\" href=\"https:\/\/drtamirufrancisco.com\/en\/wp-json\/wp\/v2\/pages\/318\/page\/2\/\">2<\/a><\/li><li><a class=\"page-numbers\" href=\"https:\/\/drtamirufrancisco.com\/en\/wp-json\/wp\/v2\/pages\/318\/page\/3\/\">3<\/a><\/li><li><a class=\"next page-numbers\" href=\"https:\/\/drtamirufrancisco.com\/en\/wp-json\/wp\/v2\/pages\/318\/page\/2\/\"><i class=\"far fa-angle-right\"><\/i><\/a><\/li><\/ul>\t\t\t\t\t<\/div>\n\t\t\t\t\t\t\t<\/div>\n\t\t\t<div class=\"tm-grid-messages\" style=\"display: none;\">\n\t\t\t\tAll items displayed.\t\t\t<\/div>\n\t\t\t\n\t<\/div>\n\t<\/div><\/div><\/div><\/div>","protected":false},"excerpt":{"rendered":"Una sonrisa radiante no solo es un s\u00edmbolo de belleza, sino tambi\u00e9n un reflejo de una salud bucodental \u00f3ptima. Mantener una rutina de higiene bucodental adecuada es esencial para prevenir problemas dentales y promover una cavidad oral sana. En este art\u00edculo, exploramos los elementos claves para una rutina de higiene bucodental, tal como lo recomienda el Dr. Tamiru Francisco.\u00a0 &nbsp;\u00bfQu\u00e9 elementos son claves para tu rutina de higiene bucodental?&nbsp; Cepillado dental riguroso y constante&nbsp; El primer paso fundamental en cualquier rutina de higiene bucodental es el cepillado dental. Enfatizamos en la importancia de cepillarse los dientes al menos tres veces al d\u00eda, preferiblemente despu\u00e9s de las comidas. Utiliza un cepillo de dientes de cerdas suaves y una pasta dental con fl\u00faor para eliminar eficazmente la placa bacteriana y prevenir la caries dental. As\u00ed evitar\u00e1s la acumulaci\u00f3n del sarro y estar\u00e1s promoviendo una salud oral \u00f3ptima.&nbsp; Uso del hilo dental&nbsp; El hilo dental es un aliado poderoso en la lucha contra la placa y el sarro entre los dientes y a lo largo de la l\u00ednea de las enc\u00edas. Es aconsejable usar el hilo dental al menos una vez al d\u00eda, preferiblemente antes de ir a dormir.&nbsp; Esta pr\u00e1ctica ayuda a eliminar los residuos de comida y a prevenir la acumulaci\u00f3n de placa, reduciendo as\u00ed el riesgo de enfermedades de las enc\u00edas. Es importante incluir la limpieza interproximal como uno de los elementos claves en tu rutina de higiene bucodental, si no es a trav\u00e9s del hilo dental pueden utilizarse los cepillos interdentales.&nbsp; Enjuague bucal&nbsp; Complementar la rutina de higiene bucodental con un enjuague bucal adecuado puede proporcionar beneficios adicionales. Sugerimos elegir un enjuague bucal que contenga fl\u00faor y que sea antibacteriano.&nbsp; La clave est\u00e1 en enjuagar tu cavidad oral con este l\u00edquido despu\u00e9s del cepillado para ayudar a fortalecer el esmalte dental y a reducir la cantidad de bacterias.&nbsp; Acude a la cl\u00ednica dental del Dr. Tamiru Francisco&nbsp; Ninguna rutina de higiene bucodental est\u00e1 completa sin visitas regulares al dentista. El Dr. Tamiru Francisco recomienda programar revisiones dentales al menos dos veces al a\u00f1o, incluso si no experimentas ning\u00fan problema aparente. &nbsp; Estas visitas permiten al Dr. Tamiru detectar y tratar cualquier problema dental en sus etapas iniciales, antes de que se conviertan en complicaciones mayores.&nbsp; Por lo tanto, pide tu cita con el Dr. Tamiru Francisco llamando al 697 21 55 70 y vis\u00edtalo para cuidar tu salud oral al completo.&nbsp;","protected":false},"author":1,"featured_media":0,"parent":0,"menu_order":0,"comment_status":"closed","ping_status":"closed","template":"","meta":{"footnotes":""},"class_list":["post-318","page","type-page","status-publish","hentry"],"_links":{"self":[{"href":"https:\/\/drtamirufrancisco.com\/en\/wp-json\/wp\/v2\/pages\/318","targetHints":{"allow":["GET"]}}],"collection":[{"href":"https:\/\/drtamirufrancisco.com\/en\/wp-json\/wp\/v2\/pages"}],"about":[{"href":"https:\/\/drtamirufrancisco.com\/en\/wp-json\/wp\/v2\/types\/page"}],"author":[{"embeddable":true,"href":"https:\/\/drtamirufrancisco.com\/en\/wp-json\/wp\/v2\/users\/1"}],"replies":[{"embeddable":true,"href":"https:\/\/drtamirufrancisco.com\/en\/wp-json\/wp\/v2\/comments?post=318"}],"version-history":[{"count":1,"href":"https:\/\/drtamirufrancisco.com\/en\/wp-json\/wp\/v2\/pages\/318\/revisions"}],"predecessor-version":[{"id":2689,"href":"https:\/\/drtamirufrancisco.com\/en\/wp-json\/wp\/v2\/pages\/318\/revisions\/2689"}],"wp:attachment":[{"href":"https:\/\/drtamirufrancisco.com\/en\/wp-json\/wp\/v2\/media?parent=318"}],"curies":[{"name":"wp","href":"https:\/\/api.w.org\/{rel}","templated":true}]}}