{"id":2622,"date":"2022-05-18T02:09:50","date_gmt":"2022-05-18T02:09:50","guid":{"rendered":"https:\/\/drtamirufrancisco.com\/aviso-legal\/"},"modified":"2024-02-19T10:55:36","modified_gmt":"2024-02-19T09:55:36","slug":"aviso-legal","status":"publish","type":"page","link":"https:\/\/drtamirufrancisco.com\/en\/aviso-legal\/","title":{"rendered":"Aviso Legal"},"content":{"rendered":"<p>El presente Aviso Legal regula el uso del servicio del portal de Internet con direcci\u00f3n https:\/\/drtamirufrancisco.com\/ cuyo responsable a efectos identificativos es:<\/p>\n\n\n\n<p>\u2022\u00a0\u00a0\u00a0\u00a0\u00a0\u00a0\u00a0\u00a0\u00a0 RESPONSABLE: Francisco Tamiru Aduna<\/p>\n\n\n\n<p>\u2022&nbsp;&nbsp;&nbsp;&nbsp;&nbsp;&nbsp;&nbsp;&nbsp;&nbsp; CIF: B83847905<\/p>\n\n\n\n<p>\u2022&nbsp;&nbsp;&nbsp;&nbsp;&nbsp;&nbsp;&nbsp;&nbsp;&nbsp; Direcci\u00f3n: Paseo de la Castellana 121, 28046 Madrid.<\/p>\n\n\n\n<p>\u2022&nbsp;&nbsp;&nbsp;&nbsp;&nbsp;&nbsp;&nbsp;&nbsp;&nbsp; Mail: info@drtamirufrancisco.com<\/p>\n\n\n\n<p><strong>Legislaci\u00f3n<\/strong><br><br><\/p>\n\n\n\n<p>Con car\u00e1cter general las relaciones entre TAMIRU FRANCISCO ADUNA con los Usuarios de sus servicios telem\u00e1ticos, presentes en la Web, se encuentran sometidas a la legislaci\u00f3n y jurisdicci\u00f3n espa\u00f1olas.<\/p>\n\n\n\n<p>Las partes renuncian expresamente al fuero que les pudiera corresponder y someten expresamente a los Juzgados y Tribunales de Madrid para resolver cualquier controversia que pueda surgir en la interpretaci\u00f3n o ejecuci\u00f3n de las presentes condiciones contractuales.<\/p>\n\n\n\n<p><br><strong>Contenido y uso<\/strong><br><br><\/p>\n\n\n\n<p>El Usuario queda informado, y acepta, que el acceso a la presente web no supone, en modo alguno, el inicio de una relaci\u00f3n comercial con TAMIRU FRANCISCO ADUNA<\/p>\n\n\n\n<p>El titular del Web no se identifica con las opiniones vertidas en el mismo por sus colaboradores. La Empresa se reserva el derecho de efectuar sin previo aviso las modificaciones que considere oportunas en su Web, pudiendo cambiar, suprimir o a\u00f1adir tanto los contenidos y servicios que se presten a trav\u00e9s de la misma como la forma en la que \u00e9stos aparezcan presentados o localizados en sus servidores.<\/p>\n\n\n\n<p><br><strong>Propiedad intelectual e industrial<\/strong><br><br><\/p>\n\n\n\n<p>Los derechos de propiedad intelectual del contenido de las p\u00e1ginas web, su dise\u00f1o gr\u00e1fico y c\u00f3digos son titularidad de TAMIRU FRANCISCO ADUNA y, por tanto, queda prohibida su reproducci\u00f3n, distribuci\u00f3n, comunicaci\u00f3n p\u00fablica, transformaci\u00f3n o cualquier otra actividad que se pueda realizar con los contenidos de sus p\u00e1ginas web ni a\u00fan citando las fuentes, salvo consentimiento por escrito de TAMIRU FRANCISCO ADUNA Todos los nombres comerciales, marcas o signos distintos de cualquier clase contenidos en las p\u00e1ginas web de la Empresa son propiedad de sus due\u00f1os y est\u00e1n protegidos por ley.<\/p>\n\n\n\n<p><br><strong>Enlaces (Links)<\/strong><br><br><\/p>\n\n\n\n<p>La presencia de enlaces (links) en las p\u00e1ginas web de TAMIRU FRANCISCO ADUNA tiene finalidad meramente informativa y en ning\u00fan caso supone sugerencia, invitaci\u00f3n o recomendaci\u00f3n sobre los mismos.<\/p>","protected":false},"excerpt":{"rendered":"<p>El presente Aviso Legal regula el uso del servicio del portal de Internet con direcci\u00f3n https:\/\/drtamirufrancisco.com\/ cuyo responsable a efectos identificativos es: \u2022\u00a0\u00a0\u00a0\u00a0\u00a0\u00a0\u00a0\u00a0\u00a0 RESPONSABLE: Francisco Tamiru Aduna \u2022&nbsp;&nbsp;&nbsp;&nbsp;&nbsp;&nbsp;&nbsp;&nbsp;&nbsp; CIF: B83847905 \u2022&nbsp;&nbsp;&nbsp;&nbsp;&nbsp;&nbsp;&nbsp;&nbsp;&nbsp; Direcci\u00f3n: Paseo de la Castellana 121, 28046 Madrid. \u2022&nbsp;&nbsp;&nbsp;&nbsp;&nbsp;&nbsp;&nbsp;&nbsp;&nbsp; Mail: info@drtamirufrancisco.com Legislaci\u00f3n Con car\u00e1cter general las relaciones entre TAMIRU FRANCISCO ADUNA con los Usuarios de sus servicios telem\u00e1ticos, presentes en la Web, se encuentran sometidas a la legislaci\u00f3n y jurisdicci\u00f3n espa\u00f1olas. Las partes renuncian expresamente al fuero que les pudiera corresponder y someten expresamente a los Juzgados y Tribunales de Madrid para resolver cualquier controversia que pueda surgir en la interpretaci\u00f3n o ejecuci\u00f3n de las presentes condiciones contractuales. Contenido y uso El Usuario queda informado, y acepta, que el acceso a la presente web no supone, en modo alguno, el inicio de una relaci\u00f3n comercial con TAMIRU FRANCISCO ADUNA El titular del Web no se identifica con las opiniones vertidas en el mismo por sus colaboradores. La Empresa se reserva el derecho de efectuar sin previo aviso las modificaciones que considere oportunas en su Web, pudiendo cambiar, suprimir o a\u00f1adir tanto los contenidos y servicios que se presten a trav\u00e9s de la misma como la forma en la que \u00e9stos aparezcan presentados o localizados en sus servidores. Propiedad intelectual e industrial Los derechos de propiedad intelectual del contenido de las p\u00e1ginas web, su dise\u00f1o gr\u00e1fico y c\u00f3digos son titularidad de TAMIRU FRANCISCO ADUNA y, por tanto, queda prohibida su reproducci\u00f3n, distribuci\u00f3n, comunicaci\u00f3n p\u00fablica, transformaci\u00f3n o cualquier otra actividad que se pueda realizar con los contenidos de sus p\u00e1ginas web ni a\u00fan citando las fuentes, salvo consentimiento por escrito de TAMIRU FRANCISCO ADUNA Todos los nombres comerciales, marcas o signos distintos de cualquier clase contenidos en las p\u00e1ginas web de la Empresa son propiedad de sus due\u00f1os y est\u00e1n protegidos por ley. Enlaces (Links) La presencia de enlaces (links) en las p\u00e1ginas web de TAMIRU FRANCISCO ADUNA tiene finalidad meramente informativa y en ning\u00fan caso supone sugerencia, invitaci\u00f3n o recomendaci\u00f3n sobre los mismos.<\/p>","protected":false},"author":1,"featured_media":0,"parent":0,"menu_order":0,"comment_status":"closed","ping_status":"closed","template":"","meta":{"footnotes":""},"class_list":["post-2622","page","type-page","status-publish","hentry"],"_links":{"self":[{"href":"https:\/\/drtamirufrancisco.com\/en\/wp-json\/wp\/v2\/pages\/2622","targetHints":{"allow":["GET"]}}],"collection":[{"href":"https:\/\/drtamirufrancisco.com\/en\/wp-json\/wp\/v2\/pages"}],"about":[{"href":"https:\/\/drtamirufrancisco.com\/en\/wp-json\/wp\/v2\/types\/page"}],"author":[{"embeddable":true,"href":"https:\/\/drtamirufrancisco.com\/en\/wp-json\/wp\/v2\/users\/1"}],"replies":[{"embeddable":true,"href":"https:\/\/drtamirufrancisco.com\/en\/wp-json\/wp\/v2\/comments?post=2622"}],"version-history":[{"count":4,"href":"https:\/\/drtamirufrancisco.com\/en\/wp-json\/wp\/v2\/pages\/2622\/revisions"}],"predecessor-version":[{"id":3508,"href":"https:\/\/drtamirufrancisco.com\/en\/wp-json\/wp\/v2\/pages\/2622\/revisions\/3508"}],"wp:attachment":[{"href":"https:\/\/drtamirufrancisco.com\/en\/wp-json\/wp\/v2\/media?parent=2622"}],"curies":[{"name":"wp","href":"https:\/\/api.w.org\/{rel}","templated":true}]}}